{"id":106,"date":"2022-10-12T03:50:18","date_gmt":"2022-10-12T08:50:18","guid":{"rendered":"https:\/\/tems.com.co\/?page_id=106"},"modified":"2022-10-12T03:50:18","modified_gmt":"2022-10-12T08:50:18","slug":"vision","status":"publish","type":"page","link":"https:\/\/tems.com.co\/?page_id=106","title":{"rendered":"Visi\u00f3n"},"content":{"rendered":"\n<h4 class=\"has-text-align-center wp-block-heading\">TESM S.A.S en el a\u00f1o 2022 se enfocar\u00e1 en posicionarse como la compa\u00f1\u00eda n\u00famero uno de Bogot\u00e1 D.C. en la reparaci\u00f3n y mantenimiento de motores industriales.<\/h4>\n","protected":false},"excerpt":{"rendered":"<p>TESM S.A.S en el a\u00f1o 2022 se enfocar\u00e1 en posicionarse como la compa\u00f1\u00eda n\u00famero uno de Bogot\u00e1 D.C. en la<\/p>\n","protected":false},"author":1,"featured_media":0,"parent":29,"menu_order":0,"comment_status":"closed","ping_status":"closed","template":"","meta":{"footnotes":""},"class_list":["post-106","page","type-page","status-publish","hentry"],"_links":{"self":[{"href":"https:\/\/tems.com.co\/index.php?rest_route=\/wp\/v2\/pages\/106","targetHints":{"allow":["GET"]}}],"collection":[{"href":"https:\/\/tems.com.co\/index.php?rest_route=\/wp\/v2\/pages"}],"about":[{"href":"https:\/\/tems.com.co\/index.php?rest_route=\/wp\/v2\/types\/page"}],"author":[{"embeddable":true,"href":"https:\/\/tems.com.co\/index.php?rest_route=\/wp\/v2\/users\/1"}],"replies":[{"embeddable":true,"href":"https:\/\/tems.com.co\/index.php?rest_route=%2Fwp%2Fv2%2Fcomments&post=106"}],"version-history":[{"count":1,"href":"https:\/\/tems.com.co\/index.php?rest_route=\/wp\/v2\/pages\/106\/revisions"}],"predecessor-version":[{"id":107,"href":"https:\/\/tems.com.co\/index.php?rest_route=\/wp\/v2\/pages\/106\/revisions\/107"}],"up":[{"embeddable":true,"href":"https:\/\/tems.com.co\/index.php?rest_route=\/wp\/v2\/pages\/29"}],"wp:attachment":[{"href":"https:\/\/tems.com.co\/index.php?rest_route=%2Fwp%2Fv2%2Fmedia&parent=106"}],"curies":[{"name":"wp","href":"https:\/\/api.w.org\/{rel}","templated":true}]}}