{"id":29,"date":"2022-10-12T02:26:06","date_gmt":"2022-10-12T07:26:06","guid":{"rendered":"https:\/\/tems.com.co\/?page_id=29"},"modified":"2022-10-12T03:53:32","modified_gmt":"2022-10-12T08:53:32","slug":"quienes-somos","status":"publish","type":"page","link":"https:\/\/tems.com.co\/?page_id=29","title":{"rendered":"QUI\u00c9NES SOMOS"},"content":{"rendered":"\n<h4 class=\"has-text-align-center wp-block-heading\">TEMS S.A.S es una compa\u00f1\u00eda ubicada en la ciudad de Bogot\u00e1 D.C; Colombia, enfocada en la reparaci\u00f3n, mantenimiento y distribuci\u00f3n de motores el\u00e9ctricos. <\/h4>\n\n\n\n<h4 class=\"has-text-align-center wp-block-heading\">Contamos con m\u00e1s de 5 a\u00f1os de experiencia y un equipo de trabajo profesional y certificado, dispuestos a brindar una asesor\u00eda eficiente en el uso y vida \u00fatil de cualquier motor industrial.<\/h4>\n","protected":false},"excerpt":{"rendered":"<p>TEMS S.A.S es una compa\u00f1\u00eda ubicada en la ciudad de Bogot\u00e1 D.C; Colombia, enfocada en la reparaci\u00f3n, mantenimiento y distribuci\u00f3n<\/p>\n","protected":false},"author":1,"featured_media":0,"parent":0,"menu_order":0,"comment_status":"closed","ping_status":"closed","template":"","meta":{"footnotes":""},"class_list":["post-29","page","type-page","status-publish","hentry"],"_links":{"self":[{"href":"https:\/\/tems.com.co\/index.php?rest_route=\/wp\/v2\/pages\/29","targetHints":{"allow":["GET"]}}],"collection":[{"href":"https:\/\/tems.com.co\/index.php?rest_route=\/wp\/v2\/pages"}],"about":[{"href":"https:\/\/tems.com.co\/index.php?rest_route=\/wp\/v2\/types\/page"}],"author":[{"embeddable":true,"href":"https:\/\/tems.com.co\/index.php?rest_route=\/wp\/v2\/users\/1"}],"replies":[{"embeddable":true,"href":"https:\/\/tems.com.co\/index.php?rest_route=%2Fwp%2Fv2%2Fcomments&post=29"}],"version-history":[{"count":2,"href":"https:\/\/tems.com.co\/index.php?rest_route=\/wp\/v2\/pages\/29\/revisions"}],"predecessor-version":[{"id":110,"href":"https:\/\/tems.com.co\/index.php?rest_route=\/wp\/v2\/pages\/29\/revisions\/110"}],"wp:attachment":[{"href":"https:\/\/tems.com.co\/index.php?rest_route=%2Fwp%2Fv2%2Fmedia&parent=29"}],"curies":[{"name":"wp","href":"https:\/\/api.w.org\/{rel}","templated":true}]}}