{"id":59,"date":"2022-10-12T02:56:33","date_gmt":"2022-10-12T07:56:33","guid":{"rendered":"https:\/\/tems.com.co\/?page_id=59"},"modified":"2022-10-24T15:04:30","modified_gmt":"2022-10-24T20:04:30","slug":"motores-ac","status":"publish","type":"page","link":"https:\/\/tems.com.co\/?page_id=59","title":{"rendered":"MOTORES AC"},"content":{"rendered":"\n<h3 class=\"wp-block-heading\">Distribuci\u00f3n:<\/h3>\n\n\n\n<p>Venta de motores AC.<\/p>\n\n\n\n<h3 class=\"wp-block-heading\">Reparaci\u00f3n:<\/h3>\n\n\n\n<ul class=\"wp-block-list\"><li>Bobinado.<\/li><li>Aislamiento.<\/li><\/ul>\n\n\n\n<h3 class=\"wp-block-heading\">Mantenimiento:<\/h3>\n\n\n\n<ul class=\"wp-block-list\"><li>Verificaci\u00f3n de medidas y alojamiento en tapas AS y BS.<\/li><li>Balanceo y estado de conexi\u00f3n de bornera<\/li><li>Cambio KIT de rodamientos AS y BS.<\/li><li>Lavado y secado de estator.<\/li><\/ul>\n","protected":false},"excerpt":{"rendered":"<p>Distribuci\u00f3n: Venta de motores AC. Reparaci\u00f3n: Bobinado. Aislamiento. Mantenimiento: Verificaci\u00f3n de medidas y alojamiento en tapas AS y BS. Balanceo<\/p>\n","protected":false},"author":1,"featured_media":0,"parent":0,"menu_order":0,"comment_status":"closed","ping_status":"closed","template":"","meta":{"footnotes":""},"class_list":["post-59","page","type-page","status-publish","hentry"],"_links":{"self":[{"href":"https:\/\/tems.com.co\/index.php?rest_route=\/wp\/v2\/pages\/59","targetHints":{"allow":["GET"]}}],"collection":[{"href":"https:\/\/tems.com.co\/index.php?rest_route=\/wp\/v2\/pages"}],"about":[{"href":"https:\/\/tems.com.co\/index.php?rest_route=\/wp\/v2\/types\/page"}],"author":[{"embeddable":true,"href":"https:\/\/tems.com.co\/index.php?rest_route=\/wp\/v2\/users\/1"}],"replies":[{"embeddable":true,"href":"https:\/\/tems.com.co\/index.php?rest_route=%2Fwp%2Fv2%2Fcomments&post=59"}],"version-history":[{"count":5,"href":"https:\/\/tems.com.co\/index.php?rest_route=\/wp\/v2\/pages\/59\/revisions"}],"predecessor-version":[{"id":240,"href":"https:\/\/tems.com.co\/index.php?rest_route=\/wp\/v2\/pages\/59\/revisions\/240"}],"wp:attachment":[{"href":"https:\/\/tems.com.co\/index.php?rest_route=%2Fwp%2Fv2%2Fmedia&parent=59"}],"curies":[{"name":"wp","href":"https:\/\/api.w.org\/{rel}","templated":true}]}}