{"id":60,"date":"2022-10-12T02:56:33","date_gmt":"2022-10-12T07:56:33","guid":{"rendered":"https:\/\/tems.com.co\/?page_id=60"},"modified":"2022-10-18T18:24:04","modified_gmt":"2022-10-18T23:24:04","slug":"motores-dc","status":"publish","type":"page","link":"https:\/\/tems.com.co\/?page_id=60","title":{"rendered":"MOTORES DC"},"content":{"rendered":"\n<h3 class=\"wp-block-heading\">Distribuci\u00f3n:<\/h3>\n\n\n\n<p>Venta de motores DC.<\/p>\n\n\n\n<h3 class=\"wp-block-heading\">Reparaci\u00f3n:<\/h3>\n\n\n\n<ul class=\"wp-block-list\"><li>Bobinado de campos.<\/li><li>Bobinado de armadura y shunt.<\/li><li>Aislamiento<\/li><\/ul>\n\n\n\n<h3 class=\"wp-block-heading\">Mantenimiento:<\/h3>\n\n\n\n<ul class=\"wp-block-list\"><li>Verificaci\u00f3n de medidas y alojamiento en tapas AS y BS.<\/li><li>Balanceo y estado de conexi\u00f3n de bornera.<\/li><li>Cambio KIT de rodamientos AS y BS.<\/li><li>Lavado y secado de estator.<\/li><li>Rectificar colector.<\/li><li>Cambio KIT de escobillas y porta escobillas.<\/li><li>Cambio de KIT de resortes.<\/li><\/ul>\n","protected":false},"excerpt":{"rendered":"<p>Distribuci\u00f3n: Venta de motores DC. Reparaci\u00f3n: Bobinado de campos. Bobinado de armadura y shunt. Aislamiento Mantenimiento: Verificaci\u00f3n de medidas y<\/p>\n","protected":false},"author":1,"featured_media":0,"parent":0,"menu_order":0,"comment_status":"closed","ping_status":"closed","template":"","meta":{"footnotes":""},"class_list":["post-60","page","type-page","status-publish","hentry"],"_links":{"self":[{"href":"https:\/\/tems.com.co\/index.php?rest_route=\/wp\/v2\/pages\/60","targetHints":{"allow":["GET"]}}],"collection":[{"href":"https:\/\/tems.com.co\/index.php?rest_route=\/wp\/v2\/pages"}],"about":[{"href":"https:\/\/tems.com.co\/index.php?rest_route=\/wp\/v2\/types\/page"}],"author":[{"embeddable":true,"href":"https:\/\/tems.com.co\/index.php?rest_route=\/wp\/v2\/users\/1"}],"replies":[{"embeddable":true,"href":"https:\/\/tems.com.co\/index.php?rest_route=%2Fwp%2Fv2%2Fcomments&post=60"}],"version-history":[{"count":2,"href":"https:\/\/tems.com.co\/index.php?rest_route=\/wp\/v2\/pages\/60\/revisions"}],"predecessor-version":[{"id":230,"href":"https:\/\/tems.com.co\/index.php?rest_route=\/wp\/v2\/pages\/60\/revisions\/230"}],"wp:attachment":[{"href":"https:\/\/tems.com.co\/index.php?rest_route=%2Fwp%2Fv2%2Fmedia&parent=60"}],"curies":[{"name":"wp","href":"https:\/\/api.w.org\/{rel}","templated":true}]}}