{"id":63,"date":"2022-10-12T02:56:33","date_gmt":"2022-10-12T07:56:33","guid":{"rendered":"https:\/\/tems.com.co\/?page_id=63"},"modified":"2022-10-18T18:29:37","modified_gmt":"2022-10-18T23:29:37","slug":"capacitacion","status":"publish","type":"page","link":"https:\/\/tems.com.co\/?page_id=63","title":{"rendered":"CAPACITACI\u00d3N"},"content":{"rendered":"\n<ul class=\"wp-block-list\"><li>Conexiones de motores el\u00e9ctricos.<\/li><li>Medici\u00f3n de equipos el\u00e9ctricos, megado, aislamiento, corriente.<\/li><\/ul>\n","protected":false},"excerpt":{"rendered":"<p>Conexiones de motores el\u00e9ctricos. Medici\u00f3n de equipos el\u00e9ctricos, megado, aislamiento, corriente.<\/p>\n","protected":false},"author":1,"featured_media":0,"parent":0,"menu_order":0,"comment_status":"closed","ping_status":"closed","template":"","meta":{"footnotes":""},"class_list":["post-63","page","type-page","status-publish","hentry"],"_links":{"self":[{"href":"https:\/\/tems.com.co\/index.php?rest_route=\/wp\/v2\/pages\/63","targetHints":{"allow":["GET"]}}],"collection":[{"href":"https:\/\/tems.com.co\/index.php?rest_route=\/wp\/v2\/pages"}],"about":[{"href":"https:\/\/tems.com.co\/index.php?rest_route=\/wp\/v2\/types\/page"}],"author":[{"embeddable":true,"href":"https:\/\/tems.com.co\/index.php?rest_route=\/wp\/v2\/users\/1"}],"replies":[{"embeddable":true,"href":"https:\/\/tems.com.co\/index.php?rest_route=%2Fwp%2Fv2%2Fcomments&post=63"}],"version-history":[{"count":2,"href":"https:\/\/tems.com.co\/index.php?rest_route=\/wp\/v2\/pages\/63\/revisions"}],"predecessor-version":[{"id":234,"href":"https:\/\/tems.com.co\/index.php?rest_route=\/wp\/v2\/pages\/63\/revisions\/234"}],"wp:attachment":[{"href":"https:\/\/tems.com.co\/index.php?rest_route=%2Fwp%2Fv2%2Fmedia&parent=63"}],"curies":[{"name":"wp","href":"https:\/\/api.w.org\/{rel}","templated":true}]}}